{"id":8109,"date":"2025-01-16T12:08:19","date_gmt":"2025-01-16T12:08:19","guid":{"rendered":"https:\/\/way2vat.com\/?page_id=8109"},"modified":"2025-11-09T07:32:55","modified_gmt":"2025-11-09T07:32:55","slug":"book-a-demo_iva","status":"publish","type":"page","link":"https:\/\/way2vat.com\/es\/book-a-demo_iva\/","title":{"rendered":"Solicitar demo"},"content":{"rendered":"\n<h5 class=\"wp-block-heading\">Solicitar demo<\/h5>\n\n\n\n<h1 class=\"wp-block-heading\">Reserva una Demostraci\u00f3n<br>Descubr\u00ed la Simplicidad del<br>Cumplimiento del IVA con Way2VAT<\/h1>\n\n\n\n<p>Reserv\u00e1 una demo en vivo y descubr\u00ed c\u00f3mo nuestra soluci\u00f3n impulsada por IA optimiza la recuperaci\u00f3n del IVA y el cumplimiento de facturas de cuentas por pagar para tu empresa.<\/p>\n\n\n\n<p><\/p>\n","protected":false},"excerpt":{"rendered":"<p>Solicitar demo Reserva una Demostraci\u00f3nDescubr\u00ed la Simplicidad delCumplimiento del IVA con Way2VAT Reserv\u00e1 una demo en vivo y descubr\u00ed c\u00f3mo nuestra soluci\u00f3n impulsada por IA optimiza la recuperaci\u00f3n del IVA y el cumplimiento de facturas de cuentas por pagar para tu empresa.<\/p>\n","protected":false},"author":1,"featured_media":0,"parent":0,"menu_order":6,"comment_status":"closed","ping_status":"closed","template":"template\/contact.php","meta":{"_acf_changed":false,"footnotes":""},"class_list":["post-8109","page","type-page","status-publish","hentry"],"acf":[],"yoast_head":"<!-- This site is optimized with the Yoast SEO plugin v27.2 - https:\/\/yoast.com\/product\/yoast-seo-wordpress\/ -->\n<title>Solicitar demo - w2v<\/title>\n<meta name=\"robots\" content=\"index, follow, max-snippet:-1, max-image-preview:large, max-video-preview:-1\" \/>\n<link rel=\"canonical\" href=\"https:\/\/way2vat.com\/es\/book-a-demo_iva\/\" \/>\n<meta property=\"og:locale\" content=\"es_ES\" \/>\n<meta property=\"og:type\" content=\"article\" \/>\n<meta property=\"og:title\" content=\"Solicitar demo - w2v\" \/>\n<meta property=\"og:description\" content=\"Solicitar demo Reserva una Demostraci\u00f3nDescubr\u00ed la Simplicidad delCumplimiento del IVA con Way2VAT Reserv\u00e1 una demo en vivo y descubr\u00ed c\u00f3mo nuestra soluci\u00f3n impulsada por IA optimiza la recuperaci\u00f3n del IVA y el cumplimiento de facturas de cuentas por pagar para tu empresa.\" \/>\n<meta property=\"og:url\" content=\"https:\/\/way2vat.com\/es\/book-a-demo_iva\/\" \/>\n<meta property=\"og:site_name\" content=\"w2v\" \/>\n<meta property=\"article:modified_time\" content=\"2025-11-09T07:32:55+00:00\" \/>\n<meta name=\"twitter:card\" content=\"summary_large_image\" \/>\n<meta name=\"twitter:label1\" content=\"Tiempo de lectura\" \/>\n\t<meta name=\"twitter:data1\" content=\"1 minuto\" \/>\n<script type=\"application\/ld+json\" class=\"yoast-schema-graph\">{\"@context\":\"https:\/\/schema.org\",\"@graph\":[{\"@type\":\"WebPage\",\"@id\":\"https:\/\/way2vat.com\/es\/book-a-demo_iva\/\",\"url\":\"https:\/\/way2vat.com\/es\/book-a-demo_iva\/\",\"name\":\"Solicitar demo - w2v\",\"isPartOf\":{\"@id\":\"https:\/\/way2vat.com\/#website\"},\"datePublished\":\"2025-01-16T12:08:19+00:00\",\"dateModified\":\"2025-11-09T07:32:55+00:00\",\"breadcrumb\":{\"@id\":\"https:\/\/way2vat.com\/es\/book-a-demo_iva\/#breadcrumb\"},\"inLanguage\":\"es\",\"potentialAction\":[{\"@type\":\"ReadAction\",\"target\":[\"https:\/\/way2vat.com\/es\/book-a-demo_iva\/\"]}]},{\"@type\":\"BreadcrumbList\",\"@id\":\"https:\/\/way2vat.com\/es\/book-a-demo_iva\/#breadcrumb\",\"itemListElement\":[{\"@type\":\"ListItem\",\"position\":1,\"name\":\"Home\",\"item\":\"https:\/\/way2vat.com\/es\/\"},{\"@type\":\"ListItem\",\"position\":2,\"name\":\"Solicitar demo\"}]},{\"@type\":\"WebSite\",\"@id\":\"https:\/\/way2vat.com\/#website\",\"url\":\"https:\/\/way2vat.com\/\",\"name\":\"w2v\",\"description\":\"Just another WordPress site\",\"potentialAction\":[{\"@type\":\"SearchAction\",\"target\":{\"@type\":\"EntryPoint\",\"urlTemplate\":\"https:\/\/way2vat.com\/?s={search_term_string}\"},\"query-input\":{\"@type\":\"PropertyValueSpecification\",\"valueRequired\":true,\"valueName\":\"search_term_string\"}}],\"inLanguage\":\"es\"}]}<\/script>\n<!-- \/ Yoast SEO plugin. -->","yoast_head_json":{"title":"Solicitar demo - w2v","robots":{"index":"index","follow":"follow","max-snippet":"max-snippet:-1","max-image-preview":"max-image-preview:large","max-video-preview":"max-video-preview:-1"},"canonical":"https:\/\/way2vat.com\/es\/book-a-demo_iva\/","og_locale":"es_ES","og_type":"article","og_title":"Solicitar demo - w2v","og_description":"Solicitar demo Reserva una Demostraci\u00f3nDescubr\u00ed la Simplicidad delCumplimiento del IVA con Way2VAT Reserv\u00e1 una demo en vivo y descubr\u00ed c\u00f3mo nuestra soluci\u00f3n impulsada por IA optimiza la recuperaci\u00f3n del IVA y el cumplimiento de facturas de cuentas por pagar para tu empresa.","og_url":"https:\/\/way2vat.com\/es\/book-a-demo_iva\/","og_site_name":"w2v","article_modified_time":"2025-11-09T07:32:55+00:00","twitter_card":"summary_large_image","twitter_misc":{"Tiempo de lectura":"1 minuto"},"schema":{"@context":"https:\/\/schema.org","@graph":[{"@type":"WebPage","@id":"https:\/\/way2vat.com\/es\/book-a-demo_iva\/","url":"https:\/\/way2vat.com\/es\/book-a-demo_iva\/","name":"Solicitar demo - w2v","isPartOf":{"@id":"https:\/\/way2vat.com\/#website"},"datePublished":"2025-01-16T12:08:19+00:00","dateModified":"2025-11-09T07:32:55+00:00","breadcrumb":{"@id":"https:\/\/way2vat.com\/es\/book-a-demo_iva\/#breadcrumb"},"inLanguage":"es","potentialAction":[{"@type":"ReadAction","target":["https:\/\/way2vat.com\/es\/book-a-demo_iva\/"]}]},{"@type":"BreadcrumbList","@id":"https:\/\/way2vat.com\/es\/book-a-demo_iva\/#breadcrumb","itemListElement":[{"@type":"ListItem","position":1,"name":"Home","item":"https:\/\/way2vat.com\/es\/"},{"@type":"ListItem","position":2,"name":"Solicitar demo"}]},{"@type":"WebSite","@id":"https:\/\/way2vat.com\/#website","url":"https:\/\/way2vat.com\/","name":"w2v","description":"Just another WordPress site","potentialAction":[{"@type":"SearchAction","target":{"@type":"EntryPoint","urlTemplate":"https:\/\/way2vat.com\/?s={search_term_string}"},"query-input":{"@type":"PropertyValueSpecification","valueRequired":true,"valueName":"search_term_string"}}],"inLanguage":"es"}]}},"_links":{"self":[{"href":"https:\/\/way2vat.com\/es\/wp-json\/wp\/v2\/pages\/8109","targetHints":{"allow":["GET"]}}],"collection":[{"href":"https:\/\/way2vat.com\/es\/wp-json\/wp\/v2\/pages"}],"about":[{"href":"https:\/\/way2vat.com\/es\/wp-json\/wp\/v2\/types\/page"}],"author":[{"embeddable":true,"href":"https:\/\/way2vat.com\/es\/wp-json\/wp\/v2\/users\/1"}],"replies":[{"embeddable":true,"href":"https:\/\/way2vat.com\/es\/wp-json\/wp\/v2\/comments?post=8109"}],"version-history":[{"count":21,"href":"https:\/\/way2vat.com\/es\/wp-json\/wp\/v2\/pages\/8109\/revisions"}],"predecessor-version":[{"id":8731,"href":"https:\/\/way2vat.com\/es\/wp-json\/wp\/v2\/pages\/8109\/revisions\/8731"}],"wp:attachment":[{"href":"https:\/\/way2vat.com\/es\/wp-json\/wp\/v2\/media?parent=8109"}],"curies":[{"name":"wp","href":"https:\/\/api.w.org\/{rel}","templated":true}]}}