{"id":8659,"date":"2025-01-29T11:43:19","date_gmt":"2025-01-29T11:43:19","guid":{"rendered":"https:\/\/way2vat.com\/contact-2\/"},"modified":"2025-11-16T14:33:08","modified_gmt":"2025-11-16T14:33:08","slug":"contact-es","status":"publish","type":"page","link":"https:\/\/way2vat.com\/es\/contact-es\/","title":{"rendered":"Contact"},"content":{"rendered":"\n<h5 class=\"wp-block-heading\">Empieza Ahora<\/h5>\n\n\n\n<h1 class=\"wp-block-heading\">\u00bfEst\u00e1s listo para simplificar<br>el cumplimiento de facturas de Cuentas a Pagar?<\/h1>\n\n\n\n<p>Ponte en contacto con nosotros para disfrutar de un cumplimiento de Cuentas a Pagar sin complicaciones y maximizar las oportunidades de recuperaci\u00f3n. Nuestros expertos te acompa\u00f1ar\u00e1n en cada paso del proceso.<\/p>\n\n\n\n<p><\/p>\n","protected":false},"excerpt":{"rendered":"<p>Empieza Ahora \u00bfEst\u00e1s listo para simplificarel cumplimiento de facturas de Cuentas a Pagar? Ponte en contacto con nosotros para disfrutar de un cumplimiento de Cuentas a Pagar sin complicaciones y maximizar las oportunidades de recuperaci\u00f3n. Nuestros expertos te acompa\u00f1ar\u00e1n en cada paso del proceso.<\/p>\n","protected":false},"author":3,"featured_media":0,"parent":0,"menu_order":6,"comment_status":"closed","ping_status":"closed","template":"template\/contact.php","meta":{"_acf_changed":false,"footnotes":""},"class_list":["post-8659","page","type-page","status-publish","hentry"],"acf":[],"yoast_head":"<!-- This site is optimized with the Yoast SEO plugin v27.2 - https:\/\/yoast.com\/product\/yoast-seo-wordpress\/ -->\n<title>Contact - w2v<\/title>\n<meta name=\"description\" content=\"Take the first step toward effortless VAT and GST recovery. Contact us today to maximize refunds and streamline compliance processes.\" \/>\n<meta name=\"robots\" content=\"index, follow, max-snippet:-1, max-image-preview:large, max-video-preview:-1\" \/>\n<link rel=\"canonical\" href=\"https:\/\/way2vat.com\/es\/contact-es\/\" \/>\n<meta property=\"og:locale\" content=\"es_ES\" \/>\n<meta property=\"og:type\" content=\"article\" \/>\n<meta property=\"og:title\" content=\"Contact - w2v\" \/>\n<meta property=\"og:description\" content=\"Take the first step toward effortless VAT and GST recovery. Contact us today to maximize refunds and streamline compliance processes.\" \/>\n<meta property=\"og:url\" content=\"https:\/\/way2vat.com\/es\/contact-es\/\" \/>\n<meta property=\"og:site_name\" content=\"w2v\" \/>\n<meta property=\"article:modified_time\" content=\"2025-11-16T14:33:08+00:00\" \/>\n<meta name=\"twitter:card\" content=\"summary_large_image\" \/>\n<meta name=\"twitter:label1\" content=\"Tiempo de lectura\" \/>\n\t<meta name=\"twitter:data1\" content=\"1 minuto\" \/>\n<script type=\"application\/ld+json\" class=\"yoast-schema-graph\">{\"@context\":\"https:\/\/schema.org\",\"@graph\":[{\"@type\":\"WebPage\",\"@id\":\"https:\/\/way2vat.com\/es\/contact-es\/\",\"url\":\"https:\/\/way2vat.com\/es\/contact-es\/\",\"name\":\"Contact - w2v\",\"isPartOf\":{\"@id\":\"https:\/\/way2vat.com\/#website\"},\"datePublished\":\"2025-01-29T11:43:19+00:00\",\"dateModified\":\"2025-11-16T14:33:08+00:00\",\"description\":\"Take the first step toward effortless VAT and GST recovery. Contact us today to maximize refunds and streamline compliance processes.\",\"breadcrumb\":{\"@id\":\"https:\/\/way2vat.com\/es\/contact-es\/#breadcrumb\"},\"inLanguage\":\"es\",\"potentialAction\":[{\"@type\":\"ReadAction\",\"target\":[\"https:\/\/way2vat.com\/es\/contact-es\/\"]}]},{\"@type\":\"BreadcrumbList\",\"@id\":\"https:\/\/way2vat.com\/es\/contact-es\/#breadcrumb\",\"itemListElement\":[{\"@type\":\"ListItem\",\"position\":1,\"name\":\"Home\",\"item\":\"https:\/\/way2vat.com\/es\/\"},{\"@type\":\"ListItem\",\"position\":2,\"name\":\"Contact\"}]},{\"@type\":\"WebSite\",\"@id\":\"https:\/\/way2vat.com\/#website\",\"url\":\"https:\/\/way2vat.com\/\",\"name\":\"w2v\",\"description\":\"Just another WordPress site\",\"potentialAction\":[{\"@type\":\"SearchAction\",\"target\":{\"@type\":\"EntryPoint\",\"urlTemplate\":\"https:\/\/way2vat.com\/?s={search_term_string}\"},\"query-input\":{\"@type\":\"PropertyValueSpecification\",\"valueRequired\":true,\"valueName\":\"search_term_string\"}}],\"inLanguage\":\"es\"}]}<\/script>\n<!-- \/ Yoast SEO plugin. -->","yoast_head_json":{"title":"Contact - w2v","description":"Take the first step toward effortless VAT and GST recovery. Contact us today to maximize refunds and streamline compliance processes.","robots":{"index":"index","follow":"follow","max-snippet":"max-snippet:-1","max-image-preview":"max-image-preview:large","max-video-preview":"max-video-preview:-1"},"canonical":"https:\/\/way2vat.com\/es\/contact-es\/","og_locale":"es_ES","og_type":"article","og_title":"Contact - w2v","og_description":"Take the first step toward effortless VAT and GST recovery. Contact us today to maximize refunds and streamline compliance processes.","og_url":"https:\/\/way2vat.com\/es\/contact-es\/","og_site_name":"w2v","article_modified_time":"2025-11-16T14:33:08+00:00","twitter_card":"summary_large_image","twitter_misc":{"Tiempo de lectura":"1 minuto"},"schema":{"@context":"https:\/\/schema.org","@graph":[{"@type":"WebPage","@id":"https:\/\/way2vat.com\/es\/contact-es\/","url":"https:\/\/way2vat.com\/es\/contact-es\/","name":"Contact - w2v","isPartOf":{"@id":"https:\/\/way2vat.com\/#website"},"datePublished":"2025-01-29T11:43:19+00:00","dateModified":"2025-11-16T14:33:08+00:00","description":"Take the first step toward effortless VAT and GST recovery. Contact us today to maximize refunds and streamline compliance processes.","breadcrumb":{"@id":"https:\/\/way2vat.com\/es\/contact-es\/#breadcrumb"},"inLanguage":"es","potentialAction":[{"@type":"ReadAction","target":["https:\/\/way2vat.com\/es\/contact-es\/"]}]},{"@type":"BreadcrumbList","@id":"https:\/\/way2vat.com\/es\/contact-es\/#breadcrumb","itemListElement":[{"@type":"ListItem","position":1,"name":"Home","item":"https:\/\/way2vat.com\/es\/"},{"@type":"ListItem","position":2,"name":"Contact"}]},{"@type":"WebSite","@id":"https:\/\/way2vat.com\/#website","url":"https:\/\/way2vat.com\/","name":"w2v","description":"Just another WordPress site","potentialAction":[{"@type":"SearchAction","target":{"@type":"EntryPoint","urlTemplate":"https:\/\/way2vat.com\/?s={search_term_string}"},"query-input":{"@type":"PropertyValueSpecification","valueRequired":true,"valueName":"search_term_string"}}],"inLanguage":"es"}]}},"_links":{"self":[{"href":"https:\/\/way2vat.com\/es\/wp-json\/wp\/v2\/pages\/8659","targetHints":{"allow":["GET"]}}],"collection":[{"href":"https:\/\/way2vat.com\/es\/wp-json\/wp\/v2\/pages"}],"about":[{"href":"https:\/\/way2vat.com\/es\/wp-json\/wp\/v2\/types\/page"}],"author":[{"embeddable":true,"href":"https:\/\/way2vat.com\/es\/wp-json\/wp\/v2\/users\/3"}],"replies":[{"embeddable":true,"href":"https:\/\/way2vat.com\/es\/wp-json\/wp\/v2\/comments?post=8659"}],"version-history":[{"count":7,"href":"https:\/\/way2vat.com\/es\/wp-json\/wp\/v2\/pages\/8659\/revisions"}],"predecessor-version":[{"id":8861,"href":"https:\/\/way2vat.com\/es\/wp-json\/wp\/v2\/pages\/8659\/revisions\/8861"}],"wp:attachment":[{"href":"https:\/\/way2vat.com\/es\/wp-json\/wp\/v2\/media?parent=8659"}],"curies":[{"name":"wp","href":"https:\/\/api.w.org\/{rel}","templated":true}]}}