{"id":8710,"date":"2025-01-23T09:25:57","date_gmt":"2025-01-23T09:25:57","guid":{"rendered":"https:\/\/way2vat.com\/?page_id=8710"},"modified":"2025-11-05T07:41:00","modified_gmt":"2025-11-05T07:41:00","slug":"become-a-partner-sp","status":"publish","type":"page","link":"https:\/\/way2vat.com\/es\/become-a-partner-sp\/","title":{"rendered":"Become a Partner SP"},"content":{"rendered":"\n<h5 class=\"wp-block-heading\">Hazte Partner<\/h5>\n\n\n\n<h1 class=\"wp-block-heading\">Ayuda a tus clientes a recuperar el IVA y el GST-sin complicaciones y sin riesgos<\/h1>\n\n\n\n<p>\u00danete a nuestra red de partners tecnol\u00f3gicos y despachos contables para ofrecer soluciones de recuperaci\u00f3n de IVA y GST impulsadas por IA. Juntos, simplificamos el proceso, maximizamos la devoluci\u00f3n y aportamos un valor \u00fanico gracias a la tecnolog\u00eda m\u00e1s avanzada y a nuestra experiencia.<\/p>\n\n\n\n<p><\/p>\n","protected":false},"excerpt":{"rendered":"<p>Hazte Partner Ayuda a tus clientes a recuperar el IVA y el GST-sin complicaciones y sin riesgos \u00danete a nuestra red de partners tecnol\u00f3gicos y despachos contables para ofrecer soluciones de recuperaci\u00f3n de IVA y GST impulsadas por IA. Juntos, simplificamos el proceso, maximizamos la devoluci\u00f3n y aportamos un valor \u00fanico gracias a la tecnolog\u00eda [&hellip;]<\/p>\n","protected":false},"author":3,"featured_media":0,"parent":0,"menu_order":6,"comment_status":"closed","ping_status":"closed","template":"template\/become-partner.php","meta":{"_acf_changed":false,"footnotes":""},"class_list":["post-8710","page","type-page","status-publish","hentry"],"acf":[],"yoast_head":"<!-- This site is optimized with the Yoast SEO plugin v27.2 - https:\/\/yoast.com\/product\/yoast-seo-wordpress\/ -->\n<title>Become a Partner SP - w2v<\/title>\n<meta name=\"robots\" content=\"index, follow, max-snippet:-1, max-image-preview:large, max-video-preview:-1\" \/>\n<link rel=\"canonical\" href=\"https:\/\/way2vat.com\/es\/become-a-partner-sp\/\" \/>\n<meta property=\"og:locale\" content=\"es_ES\" \/>\n<meta property=\"og:type\" content=\"article\" \/>\n<meta property=\"og:title\" content=\"Become a Partner SP - w2v\" \/>\n<meta property=\"og:description\" content=\"Hazte Partner Ayuda a tus clientes a recuperar el IVA y el GST-sin complicaciones y sin riesgos \u00danete a nuestra red de partners tecnol\u00f3gicos y despachos contables para ofrecer soluciones de recuperaci\u00f3n de IVA y GST impulsadas por IA. Juntos, simplificamos el proceso, maximizamos la devoluci\u00f3n y aportamos un valor \u00fanico gracias a la tecnolog\u00eda [&hellip;]\" \/>\n<meta property=\"og:url\" content=\"https:\/\/way2vat.com\/es\/become-a-partner-sp\/\" \/>\n<meta property=\"og:site_name\" content=\"w2v\" \/>\n<meta property=\"article:modified_time\" content=\"2025-11-05T07:41:00+00:00\" \/>\n<meta name=\"twitter:card\" content=\"summary_large_image\" \/>\n<meta name=\"twitter:label1\" content=\"Tiempo de lectura\" \/>\n\t<meta name=\"twitter:data1\" content=\"1 minuto\" \/>\n<script type=\"application\/ld+json\" class=\"yoast-schema-graph\">{\"@context\":\"https:\/\/schema.org\",\"@graph\":[{\"@type\":\"WebPage\",\"@id\":\"https:\/\/way2vat.com\/es\/become-a-partner-sp\/\",\"url\":\"https:\/\/way2vat.com\/es\/become-a-partner-sp\/\",\"name\":\"Become a Partner SP - w2v\",\"isPartOf\":{\"@id\":\"https:\/\/way2vat.com\/#website\"},\"datePublished\":\"2025-01-23T09:25:57+00:00\",\"dateModified\":\"2025-11-05T07:41:00+00:00\",\"breadcrumb\":{\"@id\":\"https:\/\/way2vat.com\/es\/become-a-partner-sp\/#breadcrumb\"},\"inLanguage\":\"es\",\"potentialAction\":[{\"@type\":\"ReadAction\",\"target\":[\"https:\/\/way2vat.com\/es\/become-a-partner-sp\/\"]}]},{\"@type\":\"BreadcrumbList\",\"@id\":\"https:\/\/way2vat.com\/es\/become-a-partner-sp\/#breadcrumb\",\"itemListElement\":[{\"@type\":\"ListItem\",\"position\":1,\"name\":\"Home\",\"item\":\"https:\/\/way2vat.com\/es\/\"},{\"@type\":\"ListItem\",\"position\":2,\"name\":\"Become a Partner SP\"}]},{\"@type\":\"WebSite\",\"@id\":\"https:\/\/way2vat.com\/#website\",\"url\":\"https:\/\/way2vat.com\/\",\"name\":\"w2v\",\"description\":\"Just another WordPress site\",\"potentialAction\":[{\"@type\":\"SearchAction\",\"target\":{\"@type\":\"EntryPoint\",\"urlTemplate\":\"https:\/\/way2vat.com\/?s={search_term_string}\"},\"query-input\":{\"@type\":\"PropertyValueSpecification\",\"valueRequired\":true,\"valueName\":\"search_term_string\"}}],\"inLanguage\":\"es\"}]}<\/script>\n<!-- \/ Yoast SEO plugin. -->","yoast_head_json":{"title":"Become a Partner SP - w2v","robots":{"index":"index","follow":"follow","max-snippet":"max-snippet:-1","max-image-preview":"max-image-preview:large","max-video-preview":"max-video-preview:-1"},"canonical":"https:\/\/way2vat.com\/es\/become-a-partner-sp\/","og_locale":"es_ES","og_type":"article","og_title":"Become a Partner SP - w2v","og_description":"Hazte Partner Ayuda a tus clientes a recuperar el IVA y el GST-sin complicaciones y sin riesgos \u00danete a nuestra red de partners tecnol\u00f3gicos y despachos contables para ofrecer soluciones de recuperaci\u00f3n de IVA y GST impulsadas por IA. Juntos, simplificamos el proceso, maximizamos la devoluci\u00f3n y aportamos un valor \u00fanico gracias a la tecnolog\u00eda [&hellip;]","og_url":"https:\/\/way2vat.com\/es\/become-a-partner-sp\/","og_site_name":"w2v","article_modified_time":"2025-11-05T07:41:00+00:00","twitter_card":"summary_large_image","twitter_misc":{"Tiempo de lectura":"1 minuto"},"schema":{"@context":"https:\/\/schema.org","@graph":[{"@type":"WebPage","@id":"https:\/\/way2vat.com\/es\/become-a-partner-sp\/","url":"https:\/\/way2vat.com\/es\/become-a-partner-sp\/","name":"Become a Partner SP - w2v","isPartOf":{"@id":"https:\/\/way2vat.com\/#website"},"datePublished":"2025-01-23T09:25:57+00:00","dateModified":"2025-11-05T07:41:00+00:00","breadcrumb":{"@id":"https:\/\/way2vat.com\/es\/become-a-partner-sp\/#breadcrumb"},"inLanguage":"es","potentialAction":[{"@type":"ReadAction","target":["https:\/\/way2vat.com\/es\/become-a-partner-sp\/"]}]},{"@type":"BreadcrumbList","@id":"https:\/\/way2vat.com\/es\/become-a-partner-sp\/#breadcrumb","itemListElement":[{"@type":"ListItem","position":1,"name":"Home","item":"https:\/\/way2vat.com\/es\/"},{"@type":"ListItem","position":2,"name":"Become a Partner SP"}]},{"@type":"WebSite","@id":"https:\/\/way2vat.com\/#website","url":"https:\/\/way2vat.com\/","name":"w2v","description":"Just another WordPress site","potentialAction":[{"@type":"SearchAction","target":{"@type":"EntryPoint","urlTemplate":"https:\/\/way2vat.com\/?s={search_term_string}"},"query-input":{"@type":"PropertyValueSpecification","valueRequired":true,"valueName":"search_term_string"}}],"inLanguage":"es"}]}},"_links":{"self":[{"href":"https:\/\/way2vat.com\/es\/wp-json\/wp\/v2\/pages\/8710","targetHints":{"allow":["GET"]}}],"collection":[{"href":"https:\/\/way2vat.com\/es\/wp-json\/wp\/v2\/pages"}],"about":[{"href":"https:\/\/way2vat.com\/es\/wp-json\/wp\/v2\/types\/page"}],"author":[{"embeddable":true,"href":"https:\/\/way2vat.com\/es\/wp-json\/wp\/v2\/users\/3"}],"replies":[{"embeddable":true,"href":"https:\/\/way2vat.com\/es\/wp-json\/wp\/v2\/comments?post=8710"}],"version-history":[{"count":3,"href":"https:\/\/way2vat.com\/es\/wp-json\/wp\/v2\/pages\/8710\/revisions"}],"predecessor-version":[{"id":8718,"href":"https:\/\/way2vat.com\/es\/wp-json\/wp\/v2\/pages\/8710\/revisions\/8718"}],"wp:attachment":[{"href":"https:\/\/way2vat.com\/es\/wp-json\/wp\/v2\/media?parent=8710"}],"curies":[{"name":"wp","href":"https:\/\/api.w.org\/{rel}","templated":true}]}}